{"id":111,"date":"2018-07-03T16:53:52","date_gmt":"2018-07-03T14:53:52","guid":{"rendered":"https:\/\/www.rivarenofiduciaria.it\/?page_id=111"},"modified":"2021-11-17T18:05:46","modified_gmt":"2021-11-17T17:05:46","slug":"who-we-are","status":"publish","type":"page","link":"https:\/\/www.rivarenofiduciaria.it\/it\/chi-siamo\/","title":{"rendered":"Chi siamo"},"content":{"rendered":"<p>[vc_row el_class=&#8221;box-tab&#8221;][vc_column][vc_column_text]<\/p>\n<h1 class=\"title\"><span style=\"color: #98b2cb;\">Chi<\/span> siamo<\/h1>\n<p class=\"p1\">Siamo una societ\u00e0 fiduciaria statica e di trust privata.<\/p>\n<p class=\"p1\">Professionalit\u00e0, indipendenza, affidabilit\u00e0 e competenza sono i valori che ci ispirano da sempre.<\/p>\n<p>Da 40 anni siamo al servizio di Clienti istituzionali e high net worth individual italiani, svizzeri ed europei ai quali offriamo la nostra esperienza nell\u2019ambito dell\u2019amministrazione di patrimoni e dei prodotti e servizi fiduciari e di trust.<\/p>\n<p>Il know how che ci contraddistingue rende Riva Reno il partner ideale per Privati, Banche, Asset Manager, Family Office e Consulenti Fiscali e Legali che cercano solida competenza tecnica, esecuzione pronta ed attenta, cura del dettaglio e grande esperienza operativa.<\/p>\n<p>I nostri Clienti sono la nostra priorit\u00e0. Ci piace sviluppare progetti insieme a loro, investendo risorse, energia e passione, per trasformare sogni ed idee in patrimoni imprenditoriali e familiari, preservandoli nel tempo per generazioni.<\/p>\n<p>Riva Reno Fiduciaria \u00e8 detenuta al 100% dalla famiglia Ferraretti.<\/p>\n<p>Riva Reno Fiduciaria ha sede a Bologna e Milano.[\/vc_column_text][\/vc_column][\/vc_row][vc_row el_class=&#8221;box-tab&#8221;][vc_column width=&#8221;1\/2&#8243;]<div class=\"zoom_box\"><a href=\"https:\/\/www.rivarenofiduciaria.it\/it\/gruppo-ferraretti\/\" ><div class=\"photo\"><img class=\"scale-with-grid\" src=\"https:\/\/www.rivarenofiduciaria.it\/wp-content\/uploads\/2021\/11\/andrea-paolo_ferraretti_bn.jpg\" alt=\"andrea-paolo_ferraretti_bn\" width=\"2240\" height=\"1493\"\/><\/div><div class=\"desc\" style=\"background-color:rgba(0, 0, 0, 0.8);\"><div class=\"desc_wrap\"><div class=\"desc_txt\"><\/p>\n<h1>Gruppo Ferraretti<\/h1>\n<p><\/div><\/div><\/div><\/a><\/div>\n[\/vc_column][vc_column width=&#8221;1\/2&#8243;]<div class=\"zoom_box\"><a href=\"https:\/\/www.rivarenofiduciaria.it\/it\/contatti\" ><div class=\"photo\"><img class=\"scale-with-grid\" src=\"https:\/\/www.rivarenofiduciaria.it\/wp-content\/uploads\/2018\/06\/financial-services.jpg\" alt=\"financial-services\" width=\"1920\" height=\"1280\"\/><\/div><div class=\"desc\" style=\"background-color:rgba(0, 0, 0, 0.8);\"><div class=\"desc_wrap\"><div class=\"desc_txt\"><\/p>\n<h1>Contatti<\/h1>\n<p><\/div><\/div><\/div><\/a><\/div>\n[\/vc_column][\/vc_row]<\/p>","protected":false},"excerpt":{"rendered":"<p>[vc_row el_class=&#8221;box-tab&#8221;][vc_column][vc_column_text] Chi siamo Siamo una societ\u00e0 fiduciaria statica e di trust privata. Professionalit\u00e0, indipendenza, affidabilit\u00e0 e competenza sono i valori che ci ispirano da sempre.<span class=\"excerpt-hellip\"> [\u2026]<\/span><\/p>\n","protected":false},"author":1,"featured_media":0,"parent":0,"menu_order":0,"comment_status":"closed","ping_status":"closed","template":"","meta":[],"_links":{"self":[{"href":"https:\/\/www.rivarenofiduciaria.it\/it\/wp-json\/wp\/v2\/pages\/111"}],"collection":[{"href":"https:\/\/www.rivarenofiduciaria.it\/it\/wp-json\/wp\/v2\/pages"}],"about":[{"href":"https:\/\/www.rivarenofiduciaria.it\/it\/wp-json\/wp\/v2\/types\/page"}],"author":[{"embeddable":true,"href":"https:\/\/www.rivarenofiduciaria.it\/it\/wp-json\/wp\/v2\/users\/1"}],"replies":[{"embeddable":true,"href":"https:\/\/www.rivarenofiduciaria.it\/it\/wp-json\/wp\/v2\/comments?post=111"}],"version-history":[{"count":22,"href":"https:\/\/www.rivarenofiduciaria.it\/it\/wp-json\/wp\/v2\/pages\/111\/revisions"}],"predecessor-version":[{"id":541,"href":"https:\/\/www.rivarenofiduciaria.it\/it\/wp-json\/wp\/v2\/pages\/111\/revisions\/541"}],"wp:attachment":[{"href":"https:\/\/www.rivarenofiduciaria.it\/it\/wp-json\/wp\/v2\/media?parent=111"}],"curies":[{"name":"wp","href":"https:\/\/api.w.org\/{rel}","templated":true}]}}